{"id":2045,"date":"2024-07-11T16:34:06","date_gmt":"2024-07-11T19:34:06","guid":{"rendered":"http:\/\/ugotit.tecnologia.ws\/?page_id=2045"},"modified":"2024-07-11T16:34:06","modified_gmt":"2024-07-11T19:34:06","slug":"distribuidores-2-2","status":"publish","type":"page","link":"https:\/\/ugotit.games\/","title":{"rendered":"Frontpage"},"content":{"rendered":"<h5>Lorem Ipsum Dolor Sit Amet<\/h5>\n<h3>Inova\u00e7\u00e3o em Aprendizagem Corporativa<\/h3>\n<p>Transforme sua empresa de bens de consumo com a simula\u00e7\u00f5es de neg\u00f3cios Ugotit, capacitando sua equipe para enfrentar desafios complexos do mercado.<\/p>\n<p>Nossa solu\u00e7\u00e3o oferece treinamento imersivo e pr\u00e1tico, desenvolvendo habilidades essenciais para l\u00edderes e gestores nas \u00e1reas de vendas, marketing e finan\u00e7as.<\/p>\n<p>Compreenda a pol\u00edtica comercial, construa e posicione sua marca de forma estrat\u00e9gica, e domine a vis\u00e3o financeira do neg\u00f3cio para impulsionar seu sucesso.<\/p>\n<style>\/*! elementor - v3.21.0 - 15-04-2024 *\/\n.elementor-widget-image{text-align:center}.elementor-widget-image a{display:inline-block}.elementor-widget-image a img[src$=\".svg\"]{width:48px}.elementor-widget-image img{vertical-align:middle;display:inline-block}<\/style>\n<p>\t\t\t\t\t\t\t\t\t\t<img decoding=\"async\" src=\"http:\/\/ugotit.tecnologia.ws\/wp-content\/plugins\/elementor\/assets\/images\/placeholder.png\" title=\"\" alt=\"\" loading=\"lazy\" \/><\/p>\n","protected":false},"excerpt":{"rendered":"<p>Lorem Ipsum Dolor Sit Amet Inova\u00e7\u00e3o em Aprendizagem Corporativa Transforme sua empresa de bens de consumo com a simula\u00e7\u00f5es de neg\u00f3cios Ugotit, capacitando sua equipe para enfrentar desafios complexos do mercado. Nossa solu\u00e7\u00e3o oferece treinamento imersivo e pr\u00e1tico, desenvolvendo habilidades essenciais para l\u00edderes e gestores nas \u00e1reas de vendas, marketing e finan\u00e7as. Compreenda a pol\u00edtica [&hellip;]<\/p>\n","protected":false},"author":1,"featured_media":0,"parent":0,"menu_order":0,"comment_status":"closed","ping_status":"closed","template":"frontpage.php","meta":{"footnotes":""},"_links":{"self":[{"href":"https:\/\/ugotit.games\/index.php?rest_route=\/wp\/v2\/pages\/2045"}],"collection":[{"href":"https:\/\/ugotit.games\/index.php?rest_route=\/wp\/v2\/pages"}],"about":[{"href":"https:\/\/ugotit.games\/index.php?rest_route=\/wp\/v2\/types\/page"}],"author":[{"embeddable":true,"href":"https:\/\/ugotit.games\/index.php?rest_route=\/wp\/v2\/users\/1"}],"replies":[{"embeddable":true,"href":"https:\/\/ugotit.games\/index.php?rest_route=%2Fwp%2Fv2%2Fcomments&post=2045"}],"version-history":[{"count":2,"href":"https:\/\/ugotit.games\/index.php?rest_route=\/wp\/v2\/pages\/2045\/revisions"}],"predecessor-version":[{"id":2048,"href":"https:\/\/ugotit.games\/index.php?rest_route=\/wp\/v2\/pages\/2045\/revisions\/2048"}],"wp:attachment":[{"href":"https:\/\/ugotit.games\/index.php?rest_route=%2Fwp%2Fv2%2Fmedia&parent=2045"}],"curies":[{"name":"wp","href":"https:\/\/api.w.org\/{rel}","templated":true}]}}